{"id":1429,"date":"2025-06-03T18:27:07","date_gmt":"2025-06-03T18:27:07","guid":{"rendered":"https:\/\/dixonfirm.com\/?page_id=1429"},"modified":"2025-10-14T19:23:54","modified_gmt":"2025-10-14T19:23:54","slug":"contratar-un-abogado-2","status":"publish","type":"page","link":"https:\/\/dixonfirm.com\/es\/contratar-un-abogado-2\/","title":{"rendered":"Contratar Un Abogado"},"content":{"rendered":"  <section class=\"tdf-block tdf-block-raw-content  mb-5\">\n\n          <div class=\"tdf-header tdf-header--primary text-orange tdf-header--lg mb-5 lg:mb-10 pb-5 lg:pb-10 pt-0 md:pt-4 lg:pt-7 border-b-2 border-[#DDD]  font-extrabold uppercase\">\n        <h1><span class=\"ez-toc-section\" id=\"Abogados_de_Lesiones_Personales_en_Atlanta_Listos_para_Ayudarlo\"><\/span>Abogados de Lesiones Personales en Atlanta Listos para Ayudarlo<span class=\"ez-toc-section-end\"><\/span><\/h1>\n      <\/div>\n    \n          <div class=\"tdf-typo--raw-content\">\n        <p><span data-preserver-spaces=\"true\">Si ha sufrido p\u00e9rdidas personales debido a una lesi\u00f3n catastr\u00f3fica o\u00a0\u00a0<\/span><a class=\"editor-rtfLink\" href=\"https:\/\/dixonfirm.com\/practice-areas\/atlanta-personal-injury-lawyer\/atlanta-wrongful-death-lawyer\/\" target=\"_blank\" rel=\"noopener\"><span data-preserver-spaces=\"true\">la muerte por negligencia<\/span><\/a><span data-preserver-spaces=\"true\">\u00a0de un ser querido , su pr\u00f3ximo paso deber\u00eda ser contratar a un abogado de lesiones personales en Atlanta. A qui\u00e9n\u00a0\u00a0<\/span><span data-preserver-spaces=\"true\">elija\u00a0<\/span><span data-preserver-spaces=\"true\">\u00a0contratar puede marcar la diferencia en el resultado de su recuperaci\u00f3n. Un abogado creativo y con experiencia en lesiones personales puede revisar su situaci\u00f3n, decidir si tiene motivos para presentar una demanda en Georgia y ayudarlo a presentar un reclamo.\u00a0\u00a0<\/span><span data-preserver-spaces=\"true\">Hay mucho que necesita saber\u00a0<\/span><span data-preserver-spaces=\"true\">\u00a0acerca de c\u00f3mo presentar un reclamo por lesiones personales, desde los estatutos de limitaciones hasta el nombramiento de un demandado.\u00a0<\/span><span data-preserver-spaces=\"true\">\u00a0Afortunadamente,\u00a0\u00a0<\/span><span data-preserver-spaces=\"true\">tu\u00a0<\/span><span data-preserver-spaces=\"true\">\u00a0investigaci\u00f3n te ha tra\u00eddo hasta aqu\u00ed. Nuestro equipo legal\u00a0<\/span><span data-preserver-spaces=\"true\">profesional\u00a0<\/span>capaz y confiable\u00a0\u00a0<span data-preserver-spaces=\"true\">\u00a0est\u00e1 listo para ayudarlo a obtener una compensaci\u00f3n.<\/span><\/p>\n<p><strong><a class=\"editor-rtfLink\" href=\"https:\/\/dixonfirm.com\/contact\/\" target=\"_blank\" rel=\"noopener\"><span data-preserver-spaces=\"true\">INICIAR UNA CONSULTA AHORA<\/span><\/a><\/strong><\/p>\n<h3><span class=\"ez-toc-section\" id=\"Areas_de_practica_con_experiencia\"><\/span><span data-preserver-spaces=\"true\">\u00c1reas de pr\u00e1ctica con experiencia<\/span><span class=\"ez-toc-section-end\"><\/span><\/h3>\n<p><span data-preserver-spaces=\"true\">La contrataci\u00f3n de un abogado en Atlanta comienza con la b\u00fasqueda de\u00a0\u00a0<\/span><span data-preserver-spaces=\"true\">un buen\u00a0<\/span><span data-preserver-spaces=\"true\">\u00a0bufete de abogados de lesiones personales. Puede explorar\u00a0\u00a0<\/span><span data-preserver-spaces=\"true\">nuestras\u00a0<\/span><span data-preserver-spaces=\"true\">\u00a0\u00e1reas\u00a0\u00a0<\/span><a class=\"editor-rtfLink\" href=\"https:\/\/dixonfirm.com\/practice-areas\/\" target=\"_blank\" rel=\"noopener\"><span data-preserver-spaces=\"true\">de pr\u00e1ctica<\/span><\/a><span data-preserver-spaces=\"true\">\u00a0\u00a0para ver qu\u00e9 tipos de casos de lesiones o muerte por negligencia maneja The Dixon Firm, PC.\u00a0\u00a0<\/span><span data-preserver-spaces=\"true\">Su abogado debe especializarse en el\u00a0 \u00e1rea\u00a0<\/span><span data-preserver-spaces=\"true\">particular\u00a0<\/span><span data-preserver-spaces=\"true\">\u00a0de la ley\u00a0\u00a0<\/span><span data-preserver-spaces=\"true\">que pertenece\u00a0<\/span><span data-preserver-spaces=\"true\">\u00a0a su caso, como lesiones personales en Atlanta.\u00a0<\/span><span data-preserver-spaces=\"true\">\u00a0Las \u00e1reas de pr\u00e1ctica deben representar las circunstancias de su accidente.\u00a0\u00a0<\/span><span data-preserver-spaces=\"true\">Si result\u00f3\u00a0\u00a0<\/span><span data-preserver-spaces=\"true\">lesionado\u00a0<\/span><span data-preserver-spaces=\"true\">\u00a0en un\u00a0\u00a0<\/span><a class=\"editor-rtfLink\" href=\"https:\/\/dixonfirm.com\/practice-areas\/atlanta-premises-liability-lawyer\/atlanta-elevator-injury-lawyer\/\" target=\"_blank\" rel=\"noopener\"><span data-preserver-spaces=\"true\">accidente de ascensor<\/span><\/a><span data-preserver-spaces=\"true\">\u00a0, por ejemplo\u00a0<\/span><span data-preserver-spaces=\"true\">, querr\u00e1 un abogado con experiencia en el manejo de este tipo de casos.<\/span><\/p>\n<p><span data-preserver-spaces=\"true\">Busque\u00a0\u00a0<\/span><a class=\"editor-rtfLink\" href=\"https:\/\/dixonfirm.com\/testimonials\/\" target=\"_blank\" rel=\"noopener\"><span data-preserver-spaces=\"true\">testimonios<\/span><\/a><span data-preserver-spaces=\"true\">\u00a0\u00a0y\u00a0\u00a0<\/span><a class=\"editor-rtfLink\" href=\"https:\/\/www.google.com\/maps\/place\/The+Dixon+Firm,+PC\/@33.6259125,-84.4608488,17z\/data=!4m7!3m6!1s0x88f5044556802531:0x426205ef4b9b0d31!8m2!3d33.6259081!4d-84.4586548!9m1!1b1\" target=\"_blank\" rel=\"noopener\"><span data-preserver-spaces=\"true\">rese\u00f1as de Google<\/span><\/a><span data-preserver-spaces=\"true\">\u00a0, o solicite\u00a0\u00a0<\/span>\u00a0referencias a sus amigos y\u00a0<span data-preserver-spaces=\"true\">familiares .<\/span><\/p>\n<h3><span class=\"ez-toc-section\" id=\"Consulta_gratis\"><\/span><span data-preserver-spaces=\"true\">Consulta gratis<\/span><span class=\"ez-toc-section-end\"><\/span><\/h3>\n<p><span data-preserver-spaces=\"true\">The Dixon Firm, PC ofrece\u00a0\u00a0<\/span><strong><span data-preserver-spaces=\"true\">consultas iniciales gratuitas<\/span><\/strong><span data-preserver-spaces=\"true\">\u00a0\u00a0para analizar los conceptos b\u00e1sicos de su caso, como honorarios y costos, y para conocerlo. Durante la consulta, trate de tener a\u00a0<\/span><span data-preserver-spaces=\"true\">mano\u00a0<\/span>cualquier documentaci\u00f3n que tenga relacionada con su accidente, como facturas m\u00e9dicas o una copia de un informe policial\u00a0\u00a0<span data-preserver-spaces=\"true\">\u00a0. El abogado le preguntar\u00e1 sobre las diferentes acciones potencialmente disponibles para usted y las formas en que puede proceder. Una vez que el abogado\u00a0\u00a0<\/span><span data-preserver-spaces=\"true\">tenga una idea de\u00a0<\/span><span data-preserver-spaces=\"true\">\u00a0lo que implica su caso, habr\u00e1 un proceso de selecci\u00f3n mutuo.<\/span><\/p>\n<p><span data-preserver-spaces=\"true\">El abogado debe aceptar tomar su caso y usted debe decidir si es la\u00a0 representaci\u00f3n\u00a0<\/span><span data-preserver-spaces=\"true\">adecuada\u00a0<\/span><span data-preserver-spaces=\"true\">\u00a0para usted. Debe\u00a0\u00a0<\/span><span data-preserver-spaces=\"true\">tener un buen presentimiento\u00a0<\/span><span data-preserver-spaces=\"true\">\u00a0acerca de su\u00a0\u00a0<\/span><a class=\"editor-rtfLink\" href=\"https:\/\/dixonfirm.com\/\" target=\"_blank\" rel=\"noopener\"><span data-preserver-spaces=\"true\">abogado de lesiones personales de Atlanta<\/span><\/a><span data-preserver-spaces=\"true\">\u00a0\u00a0y llevarse bien con \u00e9l o ella. Usted y su abogado deben estar de acuerdo sobre qu\u00e9 ruta legal tomar. Luego, una vez que acepten trabajar juntos, discutir\u00e1n el costo proyectado de llevar a cabo un caso.<\/span><\/p>\n<p><strong><a class=\"editor-rtfLink\" href=\"tel:8883496611\" target=\"_blank\" rel=\"noopener\"><span data-preserver-spaces=\"true\">LLAME PARA UNA CONSULTA GRATUITA<\/span><\/a><\/strong><\/p>\n<h3><span class=\"ez-toc-section\" id=\"Comprender_los_costos_y_el_acuerdo_de_pago\"><\/span><span data-preserver-spaces=\"true\">Comprender los costos y el acuerdo de pago<\/span><span class=\"ez-toc-section-end\"><\/span><\/h3>\n<p><span data-preserver-spaces=\"true\">The Dixon Firm, PC trabaja con\u00a0\u00a0<\/span><strong><span data-preserver-spaces=\"true\">honorarios de contingencia<\/span><\/strong><span data-preserver-spaces=\"true\">\u00a0, lo que significa que no pagar\u00e1 a menos que reciba una compensaci\u00f3n monetaria. En este caso, nuestro equipo legal discutir\u00e1 los honorarios\u00a0\u00a0<\/span><span data-preserver-spaces=\"true\">con anticipaci\u00f3n\u00a0<\/span><span data-preserver-spaces=\"true\">. Firmar\u00e1 un acuerdo de contrataci\u00f3n de cliente con este programa de tarifas elaborado. Comprenda\u00a0\u00a0<\/span><span data-preserver-spaces=\"true\">exactamente\u00a0<\/span><span data-preserver-spaces=\"true\">\u00a0lo que el bufete de abogados cobrar\u00e1 por sus servicios, incluidos los honorarios por copiar documentos y presentar tr\u00e1mites ante los tribunales. Recuerde, el abogado m\u00e1s caro o popular puede no ser el mejor para su caso. Un abogado de \u201cnegociaci\u00f3n\u201d tampoco le permitir\u00e1 obtener la mayor cantidad de dinero. Elija un abogado con el que se sienta c\u00f3modo trabajando y que se comunique con confianza.<\/span><\/p>\n<h3><span class=\"ez-toc-section\" id=\"Trabajar_juntos_para_llegar_a_un_acuerdo_o_juicio\"><\/span><span data-preserver-spaces=\"true\">Trabajar juntos para llegar a un acuerdo o juicio<\/span><span class=\"ez-toc-section-end\"><\/span><\/h3>\n<p><span data-preserver-spaces=\"true\">Si bien nunca podemos garantizar resultados, si tomamos su\u00a0\u00a0<\/span><span data-preserver-spaces=\"true\">caso\u00a0<\/span><span data-preserver-spaces=\"true\">\u00a0es porque estamos seguros de que merece una investigaci\u00f3n. Muchos casos de lesiones personales pueden resolverse despu\u00e9s de una investigaci\u00f3n, mientras que otros deben proceder a un litigio y tal vez a un juicio.\u00a0\u00a0<\/span><span data-preserver-spaces=\"true\">Es importante destacar\u00a0<\/span><span data-preserver-spaces=\"true\">que The Dixon Firm, PC son abogados litigantes capacitados. Nos\u00a0\u00a0<\/span><span data-preserver-spaces=\"true\">dedicamos\u00a0<\/span><span data-preserver-spaces=\"true\">\u00a0a presentar su caso ante un jurado\u00a0\u00a0<\/span><span data-preserver-spaces=\"true\">si es necesario\u00a0<\/span><span data-preserver-spaces=\"true\">\u00a0para obtener una compensaci\u00f3n justa para usted. En consecuencia, responderemos cualquier pregunta que pueda tener a lo largo del camino. Recuerde, usted y su abogado son un equipo en esta lucha por la justicia y deben trabajar juntos.<\/span><\/p>\n<h3><span class=\"ez-toc-section\" id=\"The_Dixon_Firm_PC_Sus_abogados_de_Atlanta\"><\/span><span data-preserver-spaces=\"true\">The Dixon Firm, PC: Sus abogados de Atlanta<\/span><span class=\"ez-toc-section-end\"><\/span><\/h3>\n<p><span data-preserver-spaces=\"true\">En The Dixon Firm, PC,\u00a0\u00a0<\/span><span data-preserver-spaces=\"true\">sabemos que\u00a0<\/span><span data-preserver-spaces=\"true\">\u00a0contratar a un abogado en Atlanta puede ser dif\u00edcil. Nos esforzamos por hacer que el proceso sea\u00a0\u00a0<\/span><span data-preserver-spaces=\"true\">lo m\u00e1s f\u00e1cil posible\u00a0<\/span><span data-preserver-spaces=\"true\">\u00a0para los clientes con consultas gratuitas, comunicaci\u00f3n abierta y abogados de lesiones personales serviciales y amigables. Nuestro equipo puede guiarlo a trav\u00e9s del proceso de reclamo y brindarle nuestro mejor asesoramiento profesional sobre\u00a0\u00a0<\/span><span data-preserver-spaces=\"true\">c\u00f3mo proceder\u00a0<\/span><span data-preserver-spaces=\"true\">. Para programar su consulta gratuita,\u00a0\u00a0<\/span><strong><a class=\"editor-rtfLink\" href=\"tel:8883496611\" target=\"_blank\" rel=\"noopener\"><span data-preserver-spaces=\"true\">llame al 888-DIXON-11<\/span><\/a><\/strong><span data-preserver-spaces=\"true\">\u00a0\u00a0o\u00a0\u00a0<\/span><strong><a class=\"editor-rtfLink\" href=\"https:\/\/dixonfirm.com\/contact\/\" target=\"_blank\" rel=\"noopener\"><span data-preserver-spaces=\"true\">cont\u00e1ctenos en l\u00ednea<\/span><\/a><\/strong><span data-preserver-spaces=\"true\">\u00a0.<\/span><\/p>\n<h4><span class=\"ez-toc-section\" id=\"INICIAR_UNA_CONSULTA_AHORA\"><\/span><strong><a class=\"editor-rtfLink\" href=\"https:\/\/dixonfirm.com\/contact\/\" target=\"_blank\" rel=\"noopener\"><span data-preserver-spaces=\"true\">INICIAR UNA CONSULTA AHORA<\/span><\/a><\/strong><span class=\"ez-toc-section-end\"><\/span><\/h4>\n      <\/div>\n    \n    \n  <\/section>\n","protected":false},"excerpt":{"rendered":"","protected":false},"author":1,"featured_media":0,"parent":0,"menu_order":0,"comment_status":"closed","ping_status":"closed","template":"","meta":{"_acf_changed":true,"footnotes":""},"class_list":["post-1429","page","type-page","status-publish","hentry"],"acf":[],"yoast_head":"<!-- This site is optimized with the Yoast SEO plugin v27.5 - https:\/\/yoast.com\/product\/yoast-seo-wordpress\/ -->\n<title>Contratar Un Abogado - The Dixon Firm<\/title>\n<meta name=\"description\" content=\"Elegir el abogado adecuado es clave. Sepa qu\u00e9 considerar antes de tomar una decisi\u00f3n. Consulta gratis.\" \/>\n<meta name=\"robots\" content=\"index, follow, max-snippet:-1, max-image-preview:large, max-video-preview:-1\" \/>\n<link rel=\"canonical\" href=\"https:\/\/dixonfirm.com\/es\/contratar-un-abogado-2\/\" \/>\n<meta property=\"og:locale\" content=\"es_ES\" \/>\n<meta property=\"og:type\" content=\"article\" \/>\n<meta property=\"og:title\" content=\"Contratar Un Abogado - The Dixon Firm\" \/>\n<meta property=\"og:description\" content=\"Elegir el abogado adecuado es clave. Sepa qu\u00e9 considerar antes de tomar una decisi\u00f3n. Consulta gratis.\" \/>\n<meta property=\"og:url\" content=\"https:\/\/dixonfirm.com\/es\/contratar-un-abogado-2\/\" \/>\n<meta property=\"og:site_name\" content=\"The Dixon Firm\" \/>\n<meta property=\"article:modified_time\" content=\"2025-10-14T19:23:54+00:00\" \/>\n<meta name=\"twitter:card\" content=\"summary_large_image\" \/>\n<script type=\"application\/ld+json\" class=\"yoast-schema-graph\">{\"@context\":\"https:\\\/\\\/schema.org\",\"@graph\":[{\"@type\":\"WebPage\",\"@id\":\"https:\\\/\\\/dixonfirm.com\\\/es\\\/contratar-un-abogado-2\\\/\",\"url\":\"https:\\\/\\\/dixonfirm.com\\\/es\\\/contratar-un-abogado-2\\\/\",\"name\":\"Contratar Un Abogado - The Dixon Firm\",\"isPartOf\":{\"@id\":\"https:\\\/\\\/dixonfirm.com\\\/es\\\/#website\"},\"datePublished\":\"2025-06-03T18:27:07+00:00\",\"dateModified\":\"2025-10-14T19:23:54+00:00\",\"description\":\"Elegir el abogado adecuado es clave. Sepa qu\u00e9 considerar antes de tomar una decisi\u00f3n. Consulta gratis.\",\"breadcrumb\":{\"@id\":\"https:\\\/\\\/dixonfirm.com\\\/es\\\/contratar-un-abogado-2\\\/#breadcrumb\"},\"inLanguage\":\"es\",\"potentialAction\":[{\"@type\":\"ReadAction\",\"target\":[\"https:\\\/\\\/dixonfirm.com\\\/es\\\/contratar-un-abogado-2\\\/\"]}]},{\"@type\":\"BreadcrumbList\",\"@id\":\"https:\\\/\\\/dixonfirm.com\\\/es\\\/contratar-un-abogado-2\\\/#breadcrumb\",\"itemListElement\":[{\"@type\":\"ListItem\",\"position\":1,\"name\":\"Home\",\"item\":\"https:\\\/\\\/dixonfirm.com\\\/es\\\/\"},{\"@type\":\"ListItem\",\"position\":2,\"name\":\"Contratar Un Abogado\"}]},{\"@type\":\"WebSite\",\"@id\":\"https:\\\/\\\/dixonfirm.com\\\/es\\\/#website\",\"url\":\"https:\\\/\\\/dixonfirm.com\\\/es\\\/\",\"name\":\"The Dixon Firm\",\"description\":\"Your SUPER-powered WP Engine Site\",\"publisher\":{\"@id\":\"https:\\\/\\\/dixonfirm.com\\\/es\\\/#organization\"},\"potentialAction\":[{\"@type\":\"SearchAction\",\"target\":{\"@type\":\"EntryPoint\",\"urlTemplate\":\"https:\\\/\\\/dixonfirm.com\\\/es\\\/?s={search_term_string}\"},\"query-input\":{\"@type\":\"PropertyValueSpecification\",\"valueRequired\":true,\"valueName\":\"search_term_string\"}}],\"inLanguage\":\"es\"},{\"@type\":\"Organization\",\"@id\":\"https:\\\/\\\/dixonfirm.com\\\/es\\\/#organization\",\"name\":\"The Dixon Firm\",\"url\":\"https:\\\/\\\/dixonfirm.com\\\/es\\\/\",\"logo\":{\"@type\":\"ImageObject\",\"inLanguage\":\"es\",\"@id\":\"https:\\\/\\\/dixonfirm.com\\\/es\\\/#\\\/schema\\\/logo\\\/image\\\/\",\"url\":\"https:\\\/\\\/dixonfirm.com\\\/wp-content\\\/uploads\\\/2025\\\/07\\\/dixonfirm-logo.png\",\"contentUrl\":\"https:\\\/\\\/dixonfirm.com\\\/wp-content\\\/uploads\\\/2025\\\/07\\\/dixonfirm-logo.png\",\"width\":283,\"height\":68,\"caption\":\"The Dixon Firm\"},\"image\":{\"@id\":\"https:\\\/\\\/dixonfirm.com\\\/es\\\/#\\\/schema\\\/logo\\\/image\\\/\"}}]}<\/script>\n<!-- \/ Yoast SEO plugin. -->","yoast_head_json":{"title":"Contratar Un Abogado - The Dixon Firm","description":"Elegir el abogado adecuado es clave. Sepa qu\u00e9 considerar antes de tomar una decisi\u00f3n. Consulta gratis.","robots":{"index":"index","follow":"follow","max-snippet":"max-snippet:-1","max-image-preview":"max-image-preview:large","max-video-preview":"max-video-preview:-1"},"canonical":"https:\/\/dixonfirm.com\/es\/contratar-un-abogado-2\/","og_locale":"es_ES","og_type":"article","og_title":"Contratar Un Abogado - The Dixon Firm","og_description":"Elegir el abogado adecuado es clave. Sepa qu\u00e9 considerar antes de tomar una decisi\u00f3n. Consulta gratis.","og_url":"https:\/\/dixonfirm.com\/es\/contratar-un-abogado-2\/","og_site_name":"The Dixon Firm","article_modified_time":"2025-10-14T19:23:54+00:00","twitter_card":"summary_large_image","schema":{"@context":"https:\/\/schema.org","@graph":[{"@type":"WebPage","@id":"https:\/\/dixonfirm.com\/es\/contratar-un-abogado-2\/","url":"https:\/\/dixonfirm.com\/es\/contratar-un-abogado-2\/","name":"Contratar Un Abogado - The Dixon Firm","isPartOf":{"@id":"https:\/\/dixonfirm.com\/es\/#website"},"datePublished":"2025-06-03T18:27:07+00:00","dateModified":"2025-10-14T19:23:54+00:00","description":"Elegir el abogado adecuado es clave. Sepa qu\u00e9 considerar antes de tomar una decisi\u00f3n. Consulta gratis.","breadcrumb":{"@id":"https:\/\/dixonfirm.com\/es\/contratar-un-abogado-2\/#breadcrumb"},"inLanguage":"es","potentialAction":[{"@type":"ReadAction","target":["https:\/\/dixonfirm.com\/es\/contratar-un-abogado-2\/"]}]},{"@type":"BreadcrumbList","@id":"https:\/\/dixonfirm.com\/es\/contratar-un-abogado-2\/#breadcrumb","itemListElement":[{"@type":"ListItem","position":1,"name":"Home","item":"https:\/\/dixonfirm.com\/es\/"},{"@type":"ListItem","position":2,"name":"Contratar Un Abogado"}]},{"@type":"WebSite","@id":"https:\/\/dixonfirm.com\/es\/#website","url":"https:\/\/dixonfirm.com\/es\/","name":"The Dixon Firm","description":"Your SUPER-powered WP Engine Site","publisher":{"@id":"https:\/\/dixonfirm.com\/es\/#organization"},"potentialAction":[{"@type":"SearchAction","target":{"@type":"EntryPoint","urlTemplate":"https:\/\/dixonfirm.com\/es\/?s={search_term_string}"},"query-input":{"@type":"PropertyValueSpecification","valueRequired":true,"valueName":"search_term_string"}}],"inLanguage":"es"},{"@type":"Organization","@id":"https:\/\/dixonfirm.com\/es\/#organization","name":"The Dixon Firm","url":"https:\/\/dixonfirm.com\/es\/","logo":{"@type":"ImageObject","inLanguage":"es","@id":"https:\/\/dixonfirm.com\/es\/#\/schema\/logo\/image\/","url":"https:\/\/dixonfirm.com\/wp-content\/uploads\/2025\/07\/dixonfirm-logo.png","contentUrl":"https:\/\/dixonfirm.com\/wp-content\/uploads\/2025\/07\/dixonfirm-logo.png","width":283,"height":68,"caption":"The Dixon Firm"},"image":{"@id":"https:\/\/dixonfirm.com\/es\/#\/schema\/logo\/image\/"}}]}},"_links":{"self":[{"href":"https:\/\/dixonfirm.com\/es\/wp-json\/wp\/v2\/pages\/1429","targetHints":{"allow":["GET"]}}],"collection":[{"href":"https:\/\/dixonfirm.com\/es\/wp-json\/wp\/v2\/pages"}],"about":[{"href":"https:\/\/dixonfirm.com\/es\/wp-json\/wp\/v2\/types\/page"}],"author":[{"embeddable":true,"href":"https:\/\/dixonfirm.com\/es\/wp-json\/wp\/v2\/users\/1"}],"replies":[{"embeddable":true,"href":"https:\/\/dixonfirm.com\/es\/wp-json\/wp\/v2\/comments?post=1429"}],"version-history":[{"count":0,"href":"https:\/\/dixonfirm.com\/es\/wp-json\/wp\/v2\/pages\/1429\/revisions"}],"wp:attachment":[{"href":"https:\/\/dixonfirm.com\/es\/wp-json\/wp\/v2\/media?parent=1429"}],"curies":[{"name":"wp","href":"https:\/\/api.w.org\/{rel}","templated":true}]}}