{"id":1408,"date":"2025-05-14T17:16:33","date_gmt":"2025-05-14T17:16:33","guid":{"rendered":"https:\/\/dixonfirm.com\/?page_id=1408"},"modified":"2025-09-17T15:10:06","modified_gmt":"2025-09-17T15:10:06","slug":"politica-de-privacidad-proteccion-de-tus-datos","status":"publish","type":"page","link":"https:\/\/dixonfirm.com\/es\/politica-de-privacidad-proteccion-de-tus-datos\/","title":{"rendered":"Pol\u00edtica de Privacidad | Protecci\u00f3n de Tus Datos"},"content":{"rendered":"  <section class=\"tdf-block tdf-block-raw-content  mb-5\">\n\n          <div class=\"tdf-header tdf-header--primary text-orange tdf-header--lg mb-5 lg:mb-10 pb-5 lg:pb-10 pt-0 md:pt-4 lg:pt-7 border-b-2 border-[#DDD]  font-extrabold uppercase\">\n        <h2><span class=\"ez-toc-section\" id=\"Politica_de_Privacidad_Proteccion_de_Tus_Datos\"><\/span>Pol\u00edtica de Privacidad | Protecci\u00f3n de Tus Datos<span class=\"ez-toc-section-end\"><\/span><\/h2>\n      <\/div>\n    \n          <div class=\"tdf-typo--raw-content\">\n        <p>Al navegar por nuestro sitio web, completar nuestro formulario en l\u00ednea y\/o comunicarse con nuestro representante de chat, usted otorga\u00a0<b>a The Dixon Firm, PC<\/b>\u00a0, sus agentes y\/o representantes permiso para comunicarse con usted con el fin de brindarle opiniones legales, asesoramiento o comunicaciones de marketing creadas. por y para The Dixon Firm, PC Tambi\u00e9n se nos otorga permiso para llamar, enviar correos electr\u00f3nicos y\/o enviar por correo postal a la informaci\u00f3n de contacto que usted proporcione con respecto a nuestros servicios legales y promociones.<\/p>\n<h3><span class=\"ez-toc-section\" id=\"Comunicaciones_del_usuario\"><\/span>Comunicaciones del usuario<span class=\"ez-toc-section-end\"><\/span><\/h3>\n<p>Cuando env\u00eda comunicaciones por correo electr\u00f3nico a\u00a0<b>The Dixon Firm, PC<\/b>\u00a0, la firma de abogados, sus agentes y\/o representantes pueden conservar esas comunicaciones para procesar o responder a sus consultas.\u00a0<b>The Dixon Firm, PC<\/b>\u00a0, sus agentes y representantes no vender\u00e1n, compartir\u00e1n, alquilar\u00e1n ni transferir\u00e1n de otro modo su informaci\u00f3n excepto de acuerdo con los t\u00e9rminos establecidos en esta Pol\u00edtica de Privacidad.<\/p>\n<h3><span class=\"ez-toc-section\" id=\"Relacion_abogado-cliente\"><\/span>Relaci\u00f3n abogado-cliente<span class=\"ez-toc-section-end\"><\/span><\/h3>\n<p>Al comunicarse con nosotros, usted no establece una relaci\u00f3n de abogado-cliente, que solo se establece cuando el abogado y el cliente firman un acuerdo por escrito.<\/p>\n<h3><span class=\"ez-toc-section\" id=\"ACERCA_DE_LA_FIRMA_DIXON_PC\"><\/span>ACERCA DE LA FIRMA DIXON, PC<span class=\"ez-toc-section-end\"><\/span><\/h3>\n<p><a href=\"https:\/\/dixonfirm.com\/\">Fundada por SK Rod Dixon, The Dixon Firm, PC es un equipo de abogados de lesiones personales de Atlanta<\/a>\u00a0altamente capacitados y con experiencia\u00a0. Brindamos representaci\u00f3n legal s\u00f3lida, informada y creativa para v\u00edctimas de lesiones personales y productos defectuosos. Nuestras \u00e1reas de pr\u00e1ctica incluyen accidentes automovil\u00edsticos,\u00a0<a href=\"https:\/\/dixonfirm.com\/practice-areas\/atlanta-medical-malpractice-lawyer\/atlanta-cancer-misdiagnosis-lawyer\/\">diagn\u00f3stico err\u00f3neo de c\u00e1ncer<\/a>\u00a0,\u00a0<a href=\"https:\/\/dixonfirm.com\/practice-areas\/atlanta-premises-liability-lawyer\/atlanta-negligent-security-lawyer\/\">seguridad negligente<\/a>\u00a0,\u00a0<a href=\"https:\/\/dixonfirm.com\/practice-areas\/atlanta-premises-liability-lawyer\/atlanta-sexual-assault-attorney\/\">agresi\u00f3n sexual<\/a>\u00a0,\u00a0<a href=\"https:\/\/dixonfirm.com\/practice-areas\/atlanta-motor-vehicle-accident-lawyer\/atlanta-truck-accident-lawyer\/\">accidentes de camiones<\/a>\u00a0y m\u00e1s.<\/p>\n      <\/div>\n    \n    \n  <\/section>\n","protected":false},"excerpt":{"rendered":"","protected":false},"author":1,"featured_media":0,"parent":0,"menu_order":0,"comment_status":"closed","ping_status":"open","template":"templates\/page-long-form.php","meta":{"_acf_changed":true,"footnotes":""},"class_list":["post-1408","page","type-page","status-publish","hentry"],"acf":[],"yoast_head":"<!-- This site is optimized with the Yoast SEO plugin v27.3 - https:\/\/yoast.com\/product\/yoast-seo-wordpress\/ -->\n<title>Pol\u00edtica de Privacidad | Protecci\u00f3n de Tus Datos - The Dixon Firm<\/title>\n<meta name=\"description\" content=\"Our policy regarding the safety of visitors&#039; contact information for legal services and marketing communication.\" \/>\n<meta name=\"robots\" content=\"index, follow, max-snippet:-1, max-image-preview:large, max-video-preview:-1\" \/>\n<link rel=\"canonical\" href=\"https:\/\/dixonfirm.com\/es\/politica-de-privacidad-proteccion-de-tus-datos\/\" \/>\n<meta property=\"og:locale\" content=\"es_ES\" \/>\n<meta property=\"og:type\" content=\"article\" \/>\n<meta property=\"og:title\" content=\"Pol\u00edtica de Privacidad | Protecci\u00f3n de Tus Datos - The Dixon Firm\" \/>\n<meta property=\"og:description\" content=\"Our policy regarding the safety of visitors&#039; contact information for legal services and marketing communication.\" \/>\n<meta property=\"og:url\" content=\"https:\/\/dixonfirm.com\/es\/politica-de-privacidad-proteccion-de-tus-datos\/\" \/>\n<meta property=\"og:site_name\" content=\"The Dixon Firm\" \/>\n<meta property=\"article:modified_time\" content=\"2025-09-17T15:10:06+00:00\" \/>\n<meta name=\"twitter:card\" content=\"summary_large_image\" \/>\n<script type=\"application\/ld+json\" class=\"yoast-schema-graph\">{\"@context\":\"https:\\\/\\\/schema.org\",\"@graph\":[{\"@type\":\"WebPage\",\"@id\":\"https:\\\/\\\/dixonfirm.com\\\/es\\\/politica-de-privacidad-proteccion-de-tus-datos\\\/\",\"url\":\"https:\\\/\\\/dixonfirm.com\\\/es\\\/politica-de-privacidad-proteccion-de-tus-datos\\\/\",\"name\":\"Pol\u00edtica de Privacidad | Protecci\u00f3n de Tus Datos - The Dixon Firm\",\"isPartOf\":{\"@id\":\"https:\\\/\\\/dixonfirm.com\\\/es\\\/#website\"},\"datePublished\":\"2025-05-14T17:16:33+00:00\",\"dateModified\":\"2025-09-17T15:10:06+00:00\",\"description\":\"Our policy regarding the safety of visitors' contact information for legal services and marketing communication.\",\"breadcrumb\":{\"@id\":\"https:\\\/\\\/dixonfirm.com\\\/es\\\/politica-de-privacidad-proteccion-de-tus-datos\\\/#breadcrumb\"},\"inLanguage\":\"es\",\"potentialAction\":[{\"@type\":\"ReadAction\",\"target\":[\"https:\\\/\\\/dixonfirm.com\\\/es\\\/politica-de-privacidad-proteccion-de-tus-datos\\\/\"]}]},{\"@type\":\"BreadcrumbList\",\"@id\":\"https:\\\/\\\/dixonfirm.com\\\/es\\\/politica-de-privacidad-proteccion-de-tus-datos\\\/#breadcrumb\",\"itemListElement\":[{\"@type\":\"ListItem\",\"position\":1,\"name\":\"Home\",\"item\":\"https:\\\/\\\/dixonfirm.com\\\/es\\\/\"},{\"@type\":\"ListItem\",\"position\":2,\"name\":\"Pol\u00edtica de Privacidad | Protecci\u00f3n de Tus Datos\"}]},{\"@type\":\"WebSite\",\"@id\":\"https:\\\/\\\/dixonfirm.com\\\/es\\\/#website\",\"url\":\"https:\\\/\\\/dixonfirm.com\\\/es\\\/\",\"name\":\"The Dixon Firm\",\"description\":\"Your SUPER-powered WP Engine Site\",\"publisher\":{\"@id\":\"https:\\\/\\\/dixonfirm.com\\\/es\\\/#organization\"},\"potentialAction\":[{\"@type\":\"SearchAction\",\"target\":{\"@type\":\"EntryPoint\",\"urlTemplate\":\"https:\\\/\\\/dixonfirm.com\\\/es\\\/?s={search_term_string}\"},\"query-input\":{\"@type\":\"PropertyValueSpecification\",\"valueRequired\":true,\"valueName\":\"search_term_string\"}}],\"inLanguage\":\"es\"},{\"@type\":\"Organization\",\"@id\":\"https:\\\/\\\/dixonfirm.com\\\/es\\\/#organization\",\"name\":\"The Dixon Firm\",\"url\":\"https:\\\/\\\/dixonfirm.com\\\/es\\\/\",\"logo\":{\"@type\":\"ImageObject\",\"inLanguage\":\"es\",\"@id\":\"https:\\\/\\\/dixonfirm.com\\\/es\\\/#\\\/schema\\\/logo\\\/image\\\/\",\"url\":\"https:\\\/\\\/dixonfirm.com\\\/wp-content\\\/uploads\\\/2025\\\/07\\\/dixonfirm-logo.png\",\"contentUrl\":\"https:\\\/\\\/dixonfirm.com\\\/wp-content\\\/uploads\\\/2025\\\/07\\\/dixonfirm-logo.png\",\"width\":283,\"height\":68,\"caption\":\"The Dixon Firm\"},\"image\":{\"@id\":\"https:\\\/\\\/dixonfirm.com\\\/es\\\/#\\\/schema\\\/logo\\\/image\\\/\"}}]}<\/script>\n<!-- \/ Yoast SEO plugin. -->","yoast_head_json":{"title":"Pol\u00edtica de Privacidad | Protecci\u00f3n de Tus Datos - The Dixon Firm","description":"Our policy regarding the safety of visitors' contact information for legal services and marketing communication.","robots":{"index":"index","follow":"follow","max-snippet":"max-snippet:-1","max-image-preview":"max-image-preview:large","max-video-preview":"max-video-preview:-1"},"canonical":"https:\/\/dixonfirm.com\/es\/politica-de-privacidad-proteccion-de-tus-datos\/","og_locale":"es_ES","og_type":"article","og_title":"Pol\u00edtica de Privacidad | Protecci\u00f3n de Tus Datos - The Dixon Firm","og_description":"Our policy regarding the safety of visitors' contact information for legal services and marketing communication.","og_url":"https:\/\/dixonfirm.com\/es\/politica-de-privacidad-proteccion-de-tus-datos\/","og_site_name":"The Dixon Firm","article_modified_time":"2025-09-17T15:10:06+00:00","twitter_card":"summary_large_image","schema":{"@context":"https:\/\/schema.org","@graph":[{"@type":"WebPage","@id":"https:\/\/dixonfirm.com\/es\/politica-de-privacidad-proteccion-de-tus-datos\/","url":"https:\/\/dixonfirm.com\/es\/politica-de-privacidad-proteccion-de-tus-datos\/","name":"Pol\u00edtica de Privacidad | Protecci\u00f3n de Tus Datos - The Dixon Firm","isPartOf":{"@id":"https:\/\/dixonfirm.com\/es\/#website"},"datePublished":"2025-05-14T17:16:33+00:00","dateModified":"2025-09-17T15:10:06+00:00","description":"Our policy regarding the safety of visitors' contact information for legal services and marketing communication.","breadcrumb":{"@id":"https:\/\/dixonfirm.com\/es\/politica-de-privacidad-proteccion-de-tus-datos\/#breadcrumb"},"inLanguage":"es","potentialAction":[{"@type":"ReadAction","target":["https:\/\/dixonfirm.com\/es\/politica-de-privacidad-proteccion-de-tus-datos\/"]}]},{"@type":"BreadcrumbList","@id":"https:\/\/dixonfirm.com\/es\/politica-de-privacidad-proteccion-de-tus-datos\/#breadcrumb","itemListElement":[{"@type":"ListItem","position":1,"name":"Home","item":"https:\/\/dixonfirm.com\/es\/"},{"@type":"ListItem","position":2,"name":"Pol\u00edtica de Privacidad | Protecci\u00f3n de Tus Datos"}]},{"@type":"WebSite","@id":"https:\/\/dixonfirm.com\/es\/#website","url":"https:\/\/dixonfirm.com\/es\/","name":"The Dixon Firm","description":"Your SUPER-powered WP Engine Site","publisher":{"@id":"https:\/\/dixonfirm.com\/es\/#organization"},"potentialAction":[{"@type":"SearchAction","target":{"@type":"EntryPoint","urlTemplate":"https:\/\/dixonfirm.com\/es\/?s={search_term_string}"},"query-input":{"@type":"PropertyValueSpecification","valueRequired":true,"valueName":"search_term_string"}}],"inLanguage":"es"},{"@type":"Organization","@id":"https:\/\/dixonfirm.com\/es\/#organization","name":"The Dixon Firm","url":"https:\/\/dixonfirm.com\/es\/","logo":{"@type":"ImageObject","inLanguage":"es","@id":"https:\/\/dixonfirm.com\/es\/#\/schema\/logo\/image\/","url":"https:\/\/dixonfirm.com\/wp-content\/uploads\/2025\/07\/dixonfirm-logo.png","contentUrl":"https:\/\/dixonfirm.com\/wp-content\/uploads\/2025\/07\/dixonfirm-logo.png","width":283,"height":68,"caption":"The Dixon Firm"},"image":{"@id":"https:\/\/dixonfirm.com\/es\/#\/schema\/logo\/image\/"}}]}},"_links":{"self":[{"href":"https:\/\/dixonfirm.com\/es\/wp-json\/wp\/v2\/pages\/1408","targetHints":{"allow":["GET"]}}],"collection":[{"href":"https:\/\/dixonfirm.com\/es\/wp-json\/wp\/v2\/pages"}],"about":[{"href":"https:\/\/dixonfirm.com\/es\/wp-json\/wp\/v2\/types\/page"}],"author":[{"embeddable":true,"href":"https:\/\/dixonfirm.com\/es\/wp-json\/wp\/v2\/users\/1"}],"replies":[{"embeddable":true,"href":"https:\/\/dixonfirm.com\/es\/wp-json\/wp\/v2\/comments?post=1408"}],"version-history":[{"count":0,"href":"https:\/\/dixonfirm.com\/es\/wp-json\/wp\/v2\/pages\/1408\/revisions"}],"wp:attachment":[{"href":"https:\/\/dixonfirm.com\/es\/wp-json\/wp\/v2\/media?parent=1408"}],"curies":[{"name":"wp","href":"https:\/\/api.w.org\/{rel}","templated":true}]}}